{"id":2664,"date":"2020-05-22T13:15:24","date_gmt":"2020-05-22T11:15:24","guid":{"rendered":"https:\/\/www.mynewsletter.rocks\/?page_id=2664"},"modified":"2020-05-22T13:18:31","modified_gmt":"2020-05-22T11:18:31","slug":"newsletter-anmeldung-bestaetigung","status":"publish","type":"page","link":"http:\/\/mynewsletter.rocks\/en\/newsletter-anmeldung-bestaetigung\/","title":{"rendered":"Vielen Dank!"},"content":{"rendered":"<div data-elementor-type=\"wp-page\" data-elementor-id=\"2664\" class=\"elementor elementor-2664\" data-elementor-post-type=\"page\">\n\t\t\t\t\t\t\t\t\t<section class=\"elementor-section elementor-top-section elementor-element elementor-element-1ae3de7 elementor-section-boxed elementor-section-height-default elementor-section-height-default\" data-id=\"1ae3de7\" data-element_type=\"section\">\n\t\t\t\t\t\t<div class=\"elementor-container elementor-column-gap-default\">\n\t\t\t\t\t<div class=\"elementor-column elementor-col-100 elementor-top-column elementor-element elementor-element-ba3a44c\" data-id=\"ba3a44c\" data-element_type=\"column\">\n\t\t\t<div class=\"elementor-widget-wrap elementor-element-populated\">\n\t\t\t\t\t\t\t\t<div class=\"elementor-element elementor-element-f120d53 elementor-widget elementor-widget-heading\" data-id=\"f120d53\" data-element_type=\"widget\" data-widget_type=\"heading.default\">\n\t\t\t\t<div class=\"elementor-widget-container\">\n\t\t\t<h1 class=\"elementor-heading-title elementor-size-default\">Vielen Dank f\u00fcr deine Anmeldung<\/h1>\t\t<\/div>\n\t\t\t\t<\/div>\n\t\t\t\t\t<\/div>\n\t\t<\/div>\n\t\t\t\t\t\t\t<\/div>\n\t\t<\/section>\n\t\t\t\t<section class=\"elementor-section elementor-top-section elementor-element elementor-element-1a20a6a elementor-section-boxed elementor-section-height-default elementor-section-height-default\" data-id=\"1a20a6a\" data-element_type=\"section\">\n\t\t\t\t\t\t<div class=\"elementor-container elementor-column-gap-default\">\n\t\t\t\t\t<div class=\"elementor-column elementor-col-100 elementor-top-column elementor-element elementor-element-26c7ef8\" data-id=\"26c7ef8\" data-element_type=\"column\">\n\t\t\t<div class=\"elementor-widget-wrap elementor-element-populated\">\n\t\t\t\t\t\t\t\t<div class=\"elementor-element elementor-element-6e1d449 elementor-widget elementor-widget-text-editor\" data-id=\"6e1d449\" data-element_type=\"widget\" data-widget_type=\"text-editor.default\">\n\t\t\t\t<div class=\"elementor-widget-container\">\n\t\t\t\t\t\t\t<p>Ab sofort erh\u00e4tst du unseren Newsletter mit allen Infos \u00fcber Neuerungen sowie zahlreichen Tips zum den Themen Newsletter und E-Mail Marketing.\u00a0<\/p>\t\t\t\t\t\t<\/div>\n\t\t\t\t<\/div>\n\t\t\t\t\t<\/div>\n\t\t<\/div>\n\t\t\t\t\t\t\t<\/div>\n\t\t<\/section>\n\t\t\t\t<section class=\"elementor-section elementor-top-section elementor-element elementor-element-635fbe7 elementor-section-boxed elementor-section-height-default elementor-section-height-default\" data-id=\"635fbe7\" data-element_type=\"section\">\n\t\t\t\t\t\t<div class=\"elementor-container elementor-column-gap-default\">\n\t\t\t\t\t<div class=\"elementor-column elementor-col-100 elementor-top-column elementor-element elementor-element-887a4f3\" data-id=\"887a4f3\" data-element_type=\"column\">\n\t\t\t<div class=\"elementor-widget-wrap elementor-element-populated\">\n\t\t\t\t\t\t\t\t<div class=\"elementor-element elementor-element-bed3171 elementor-widget elementor-widget-image\" data-id=\"bed3171\" data-element_type=\"widget\" data-widget_type=\"image.default\">\n\t\t\t\t<div class=\"elementor-widget-container\">\n\t\t\t\t\t\t\t\t\t\t\t\t\t\t\t<img loading=\"lazy\" decoding=\"async\" width=\"300\" height=\"300\" src=\"https:\/\/i0.wp.com\/mynewsletter.rocks\/wp-content\/uploads\/2019\/07\/mynewsletter.rocks_Logo_1200.png?fit=300%2C300&amp;ssl=1\" class=\"attachment-medium size-medium wp-image-1098\" alt=\"mynewsletter.rocks Email Marketing Software Logo\" srcset=\"https:\/\/i0.wp.com\/mynewsletter.rocks\/wp-content\/uploads\/2019\/07\/mynewsletter.rocks_Logo_1200.png?resize=150%2C150&amp;ssl=1 150w, https:\/\/i0.wp.com\/mynewsletter.rocks\/wp-content\/uploads\/2019\/07\/mynewsletter.rocks_Logo_1200.png?resize=300%2C300&amp;ssl=1 300w, https:\/\/i0.wp.com\/mynewsletter.rocks\/wp-content\/uploads\/2019\/07\/mynewsletter.rocks_Logo_1200.png?resize=1024%2C1024&amp;ssl=1 1024w, https:\/\/i0.wp.com\/mynewsletter.rocks\/wp-content\/uploads\/2019\/07\/mynewsletter.rocks_Logo_1200.png?resize=200%2C200&amp;ssl=1 200w, https:\/\/i0.wp.com\/mynewsletter.rocks\/wp-content\/uploads\/2019\/07\/mynewsletter.rocks_Logo_1200.png?resize=100%2C100&amp;ssl=1 100w, https:\/\/i0.wp.com\/mynewsletter.rocks\/wp-content\/uploads\/2019\/07\/mynewsletter.rocks_Logo_1200.png?zoom=2&amp;resize=300%2C300&amp;ssl=1 600w, https:\/\/i0.wp.com\/mynewsletter.rocks\/wp-content\/uploads\/2019\/07\/mynewsletter.rocks_Logo_1200.png?zoom=3&amp;resize=300%2C300&amp;ssl=1 900w\" sizes=\"auto, (max-width: 300px) 100vw, 300px\" \/>\t\t\t\t\t\t\t\t\t\t\t\t\t\t\t<\/div>\n\t\t\t\t<\/div>\n\t\t\t\t\t<\/div>\n\t\t<\/div>\n\t\t\t\t\t\t\t<\/div>\n\t\t<\/section>\n\t\t\t\t\t\t\t<\/div>","protected":false},"excerpt":{"rendered":"<p>Vielen Dank f\u00fcr deine Anmeldung Ab sofort erh\u00e4tst du unseren Newsletter mit allen Infos \u00fcber Neuerungen sowie zahlreichen Tips zum den Themen Newsletter und E-Mail Marketing.\u00a0<\/p>","protected":false},"author":1,"featured_media":0,"parent":0,"menu_order":0,"comment_status":"closed","ping_status":"closed","template":"","meta":{"footnotes":""},"class_list":["post-2664","page","type-page","status-publish","hentry"],"_links":{"self":[{"href":"http:\/\/mynewsletter.rocks\/en\/wp-json\/wp\/v2\/pages\/2664","targetHints":{"allow":["GET"]}}],"collection":[{"href":"http:\/\/mynewsletter.rocks\/en\/wp-json\/wp\/v2\/pages"}],"about":[{"href":"http:\/\/mynewsletter.rocks\/en\/wp-json\/wp\/v2\/types\/page"}],"author":[{"embeddable":true,"href":"http:\/\/mynewsletter.rocks\/en\/wp-json\/wp\/v2\/users\/1"}],"replies":[{"embeddable":true,"href":"http:\/\/mynewsletter.rocks\/en\/wp-json\/wp\/v2\/comments?post=2664"}],"version-history":[{"count":0,"href":"http:\/\/mynewsletter.rocks\/en\/wp-json\/wp\/v2\/pages\/2664\/revisions"}],"wp:attachment":[{"href":"http:\/\/mynewsletter.rocks\/en\/wp-json\/wp\/v2\/media?parent=2664"}],"curies":[{"name":"wp","href":"https:\/\/api.w.org\/{rel}","templated":true}]}}