{"id":480,"date":"2016-07-12T15:49:37","date_gmt":"2016-07-12T13:49:37","guid":{"rendered":"https:\/\/www.mynewsletter.rocks\/?page_id=480"},"modified":"2016-07-12T15:52:00","modified_gmt":"2016-07-12T13:52:00","slug":"fragen-newsletter-versand","status":"publish","type":"page","link":"http:\/\/mynewsletter.rocks\/en\/fragen-newsletter-versand\/","title":{"rendered":"FAQ Versand"},"content":{"rendered":"<h3>Wie versende ich eine Test E-Mail?<\/h3>\n<p>Um eine Test-E-Mail zu versenden, klicken Sie im E-Mail Editor auf \u201eTest E-Mail Versenden\u201c oben rechts in der Men\u00fcleiste. Ihre Test E-Mail wird dann an eine einzelne Adresse geschickt.<\/p>\n<h3>Ich habe gerade ein gr\u00f6\u00dferes Mailing versendet und m\u00f6chte nun ein weiteres Mailing abschicken. Mu\u00df ich warten, bis das erste Mailing vollst\u00e4ndig versendet wurde?<\/h3>\n<p>Mit MyNewsletter.rocks\u00a0k\u00f6nnen Sie Ihr n\u00e4chstes Mailing sofort senden. Sie brauchen nicht zu warten, bis das erste Mailings fertig ist.<\/p>\n<h3>Wie bestimme ich einen Versandzeitpunkt?<\/h3>\n<p>Den genauen Versandzeitpunkt f\u00fcr Ihr Mailing k\u00f6nnen Sie bestimmen, indem Sie in der Ansicht \u201eNeue E-Mail Erstellen\u201c unter der Schaltfl\u00e4che Versandtermin auf \u201eW\u00e4hlen\u201c\u00a0 klicken. Jetzt k\u00f6nnen Sie\u00a0 Ihren gew\u00fcnschten Zeitpunkt aussuchen oder die Auslieferung \u00fcber mehrere Tage verteilen:<\/p>","protected":false},"excerpt":{"rendered":"<p>Wie versende ich eine Test E-Mail? Um eine Test-E-Mail zu versenden, klicken Sie im E-Mail Editor auf \u201eTest E-Mail Versenden\u201c oben rechts in der Men\u00fcleiste. Ihre Test E-Mail wird dann an eine einzelne Adresse geschickt. Ich habe gerade ein gr\u00f6\u00dferes Mailing versendet und m\u00f6chte nun ein weiteres Mailing abschicken. Mu\u00df ich warten, bis das erste [&hellip;]<\/p>\n","protected":false},"author":2,"featured_media":0,"parent":0,"menu_order":0,"comment_status":"closed","ping_status":"closed","template":"","meta":{"footnotes":""},"class_list":["post-480","page","type-page","status-publish","hentry"],"_links":{"self":[{"href":"http:\/\/mynewsletter.rocks\/en\/wp-json\/wp\/v2\/pages\/480","targetHints":{"allow":["GET"]}}],"collection":[{"href":"http:\/\/mynewsletter.rocks\/en\/wp-json\/wp\/v2\/pages"}],"about":[{"href":"http:\/\/mynewsletter.rocks\/en\/wp-json\/wp\/v2\/types\/page"}],"author":[{"embeddable":true,"href":"http:\/\/mynewsletter.rocks\/en\/wp-json\/wp\/v2\/users\/2"}],"replies":[{"embeddable":true,"href":"http:\/\/mynewsletter.rocks\/en\/wp-json\/wp\/v2\/comments?post=480"}],"version-history":[{"count":0,"href":"http:\/\/mynewsletter.rocks\/en\/wp-json\/wp\/v2\/pages\/480\/revisions"}],"wp:attachment":[{"href":"http:\/\/mynewsletter.rocks\/en\/wp-json\/wp\/v2\/media?parent=480"}],"curies":[{"name":"wp","href":"https:\/\/api.w.org\/{rel}","templated":true}]}}