{"id":521,"date":"2016-07-12T17:51:13","date_gmt":"2016-07-12T15:51:13","guid":{"rendered":"https:\/\/www.mynewsletter.rocks\/?page_id=521"},"modified":"2016-07-12T17:51:13","modified_gmt":"2016-07-12T15:51:13","slug":"fragen-newsletter-empfaenger","status":"publish","type":"page","link":"http:\/\/mynewsletter.rocks\/en\/fragen-newsletter-empfaenger\/","title":{"rendered":"FAQ Empf\u00e4nger"},"content":{"rendered":"<h3>Was sind Opt-In Verfahren?<\/h3>\n<p>Opt-In Verfahren dienen dazu, zu gew\u00e4hrleisten, dass nur die Empf\u00e4nger E-Mails erhalten, die diese auch erhalten m\u00f6chten (Auch unter \u201ePermission-based marketing\u201c bekannt)<\/p>\n<h3>Was bedeutet \u201eSingle Opt- in\u201c?<\/h3>\n<p>&#8222;Single Opt-In&#8220; bedeutet, dass sich der Empf\u00e4nger auf<br \/>\neinem Web-Formular f\u00fcr den Empfang der E-Mails mit seiner E-Mail Adresse<br \/>\nangemeldet hat. Der \u201eSingle Opt In\u201c gilt jedoch als rechtlich problematisch, da sich<br \/>\njeder, auch mit einer fremden oder auch falschen E-Mail Adresse eintragen kann.<\/p>\n<h3>Was ist ein \u201eConfirmed Opt-In\u201c?<\/h3>\n<p>Der Empf\u00e4nger hat sich wie beim \u201eSingle Opt-In\u201c f\u00fcr den Empfang der E-Mails mit seiner E-Mail Adresse angemeldet, und erh\u00e4lt anschlie\u00dfend eine Willkommens-E-Mail (\u201eConfirmation Mail\u201c). Im Vergleich zum Single Opt-In Verfahren wird der Empf\u00e4nger zumindest \u00fcber eine Anmeldung informiert, was aber nicht viel nutzt, wenn die Anmeldebest\u00e4tigung als \u201eSpam\u201c gel\u00f6scht wird.<br \/>\nAus diesem Grunde ist die Nutzung von durch ein Confirmed Opt-In Verfahren generierter Empf\u00e4ngerlisten mit unserem System ebenfalls NICHT zul\u00e4ssig.<\/p>\n<h3>Was ist ein \u201eDouble-Opt-In\u201c?<\/h3>\n<p>Beim &#8222;Double-Opt-In&#8220; Verfahren tr\u00e4gt sich der Empf\u00e4nger, wie bei \u201eSingle-Opt-In\u201c Verfahren ein, erh\u00e4lt daraufhin eine Verifizierungs-E-Mail mit der Bitte, den Empfang der E-Mails per Klick auf einen Link nochmals zu best\u00e4tigen. Das \u201eDouble-Opt-In\u201c Verfahren hat sich in der E-Mail Marketing Branche als Standard durchgesetzt und gilt als relativ rechtssicher.<\/p>\n<h3>An wen genau darf ich E-Mails versenden?<\/h3>\n<p>Die Richtlinien f\u00fcr den E-Mail Versand entnehmen Sie bitte unseren Teilnehmerbedingungen unter<\/p>\n<h3>Darf ich mit dem System E-Mails an eine &#8222;Confirmed Opt-In&#8220; Liste schicken?<\/h3>\n<p>Nein, die Nutzung von durch ein Confirmed Opt-In Verfahren generierter Empf\u00e4ngerlisten mit unserem System ebenfalls NICHT zul\u00e4ssig. (Siehe:\u00a0Was ist ein \u201eConfirmed Opt-In\u201c?)<\/p>","protected":false},"excerpt":{"rendered":"<p>Was sind Opt-In Verfahren? Opt-In Verfahren dienen dazu, zu gew\u00e4hrleisten, dass nur die Empf\u00e4nger E-Mails erhalten, die diese auch erhalten m\u00f6chten (Auch unter \u201ePermission-based marketing\u201c bekannt) Was bedeutet \u201eSingle Opt- in\u201c? &#8222;Single Opt-In&#8220; bedeutet, dass sich der Empf\u00e4nger auf einem Web-Formular f\u00fcr den Empfang der E-Mails mit seiner E-Mail Adresse angemeldet hat. Der \u201eSingle Opt [&hellip;]<\/p>\n","protected":false},"author":2,"featured_media":0,"parent":0,"menu_order":0,"comment_status":"closed","ping_status":"closed","template":"","meta":{"footnotes":""},"class_list":["post-521","page","type-page","status-publish","hentry"],"_links":{"self":[{"href":"http:\/\/mynewsletter.rocks\/en\/wp-json\/wp\/v2\/pages\/521","targetHints":{"allow":["GET"]}}],"collection":[{"href":"http:\/\/mynewsletter.rocks\/en\/wp-json\/wp\/v2\/pages"}],"about":[{"href":"http:\/\/mynewsletter.rocks\/en\/wp-json\/wp\/v2\/types\/page"}],"author":[{"embeddable":true,"href":"http:\/\/mynewsletter.rocks\/en\/wp-json\/wp\/v2\/users\/2"}],"replies":[{"embeddable":true,"href":"http:\/\/mynewsletter.rocks\/en\/wp-json\/wp\/v2\/comments?post=521"}],"version-history":[{"count":0,"href":"http:\/\/mynewsletter.rocks\/en\/wp-json\/wp\/v2\/pages\/521\/revisions"}],"wp:attachment":[{"href":"http:\/\/mynewsletter.rocks\/en\/wp-json\/wp\/v2\/media?parent=521"}],"curies":[{"name":"wp","href":"https:\/\/api.w.org\/{rel}","templated":true}]}}