{"id":469,"date":"2016-07-12T15:08:16","date_gmt":"2016-07-12T13:08:16","guid":{"rendered":"https:\/\/www.mynewsletter.rocks\/?page_id=469"},"modified":"2016-07-12T15:08:16","modified_gmt":"2016-07-12T13:08:16","slug":"fragen-mynewsletter-rocks","status":"publish","type":"page","link":"https:\/\/mynewsletter.rocks\/en\/fragen-mynewsletter-rocks\/","title":{"rendered":"FAQ Allgemein"},"content":{"rendered":"<h3>Was soll ich machen, wenn im E-Mail Editor eine Fehlermeldung angezeigt wird?<\/h3>\n<p>Versuchen Sie zuerst die Seite neu zu laden. Wenn das Problem weiterhin auftritt, loggen Sie sich bitte neu ein. Damit Ihr Entwurf nicht verloren geht, speichert das Programm Ihren aktuellen Entwurf \u00fcbrigens automatisch ab.<\/p>\n<h3>Kann ich eine E-Mail mit Dateianh\u00e4ngen versenden?<\/h3>\n<p>Ja, Sie k\u00f6nnen Newsletter mit mehreren Dateianh\u00e4ngen versenden. Die Dateien werden hierf\u00fcr auf unserem Server gespeichert und werden von Ihren Empf\u00e4ngern bei Bedarf durch einen Link heruntergeladen.<\/p>\n<h3>Was sind die Systemvoraussetzungen f\u00fcr mynewsletter.rocks?<\/h3>\n<p>Es sollte ein aktueller Internet Browser installiert sein, (mindestens Internet Explorer 8) mit Unterst\u00fctzung von Java Script und idealerweise auch HTML 5.<\/p>\n<h3>Kann ich ein Formular in meinen Newsletter einf\u00fcgen?<\/h3>\n<p>Es ist leider\u00a0nicht\u00a0m\u00f6glich, Formulare in E-Mails einzuf\u00fcgen, da die\u00a0viele popul\u00e4re E-Mail Programme wie Microsoft Outlook oder iOS solche Formulare grunds\u00e4tzlich nicht anzeigen.<br \/>\nWenn Sie ein Formular, beispielsweise f\u00fcr eine Umfrage, an Ihre Empf\u00e4nger versenden m\u00f6chten, ist es besser, daf\u00fcr auf ein Formular auf einer externe Webseite zu verlinken.<\/p>\n<h3>Was ist ein Alternativtext und wozu brauche ich ihn?<\/h3>\n<p>Trotz der weiten Verbreitung von HTML-f\u00e4higen E-Mail Programmen gibt es immer noch zahlreiche Personen, die keine HTML E-Mails anzeigen k\u00f6nnen oder wollen. Viele Blackberrys unterst\u00fctzen beispielsweise kein HTML. F\u00fcr diese Nutzer k\u00f6nnen Sie einen Alternativtext definieren, der immer dann angezeigt wird, wenn ein Ger\u00e4t kein HTML anzeigen kann.<\/p>\n<p>Der Alternativtext besteht immer nur aus Text ohne jegliche Formatierung, es werden keine Schriftarten, Tabellen oder Bilder angezeigt.<\/p>\n<p>\u00dcbrigens: auch die Vorschaufunktion vieler E-Mail Programme wie beispielsweise Microsoft Outlook nutzt den Alternativtext, um die ersten drei Zeilen einer E-Mail anzuzeigen.<\/p>","protected":false},"excerpt":{"rendered":"<p>Was soll ich machen, wenn im E-Mail Editor eine Fehlermeldung angezeigt wird? Versuchen Sie zuerst die Seite neu zu laden. Wenn das Problem weiterhin auftritt, loggen Sie sich bitte neu ein. Damit Ihr Entwurf nicht verloren geht, speichert das Programm Ihren aktuellen Entwurf \u00fcbrigens automatisch ab. Kann ich eine E-Mail mit Dateianh\u00e4ngen versenden? Ja, Sie [&hellip;]<\/p>\n","protected":false},"author":2,"featured_media":0,"parent":0,"menu_order":0,"comment_status":"closed","ping_status":"closed","template":"","meta":{"footnotes":""},"class_list":["post-469","page","type-page","status-publish","hentry"],"_links":{"self":[{"href":"https:\/\/mynewsletter.rocks\/en\/wp-json\/wp\/v2\/pages\/469","targetHints":{"allow":["GET"]}}],"collection":[{"href":"https:\/\/mynewsletter.rocks\/en\/wp-json\/wp\/v2\/pages"}],"about":[{"href":"https:\/\/mynewsletter.rocks\/en\/wp-json\/wp\/v2\/types\/page"}],"author":[{"embeddable":true,"href":"https:\/\/mynewsletter.rocks\/en\/wp-json\/wp\/v2\/users\/2"}],"replies":[{"embeddable":true,"href":"https:\/\/mynewsletter.rocks\/en\/wp-json\/wp\/v2\/comments?post=469"}],"version-history":[{"count":0,"href":"https:\/\/mynewsletter.rocks\/en\/wp-json\/wp\/v2\/pages\/469\/revisions"}],"wp:attachment":[{"href":"https:\/\/mynewsletter.rocks\/en\/wp-json\/wp\/v2\/media?parent=469"}],"curies":[{"name":"wp","href":"https:\/\/api.w.org\/{rel}","templated":true}]}}