{"id":472,"date":"2016-07-12T15:23:12","date_gmt":"2016-07-12T13:23:12","guid":{"rendered":"https:\/\/www.mynewsletter.rocks\/?page_id=472"},"modified":"2016-07-12T15:23:12","modified_gmt":"2016-07-12T13:23:12","slug":"faq-newsletter-formatierung","status":"publish","type":"page","link":"https:\/\/mynewsletter.rocks\/en\/faq-newsletter-formatierung\/","title":{"rendered":"FAQ Newsletter Formatierung"},"content":{"rendered":"<h2>Schriftformatierung<\/h2>\n<h3>Warum sind nicht alle Windows Schriftarten in der Auswahl enthalten?<\/h3>\n<p>Wenn Sie Ihren E-Mail-Newsletter versenden, wird er bei den Empf\u00e4ngern \u00fcblicherweise auf vielen unterschiedlichen Endger\u00e4ten angezeigt: Windows Computer, Macs, Blackberrys, Android Smartphones oder Linux Systeme. Nicht alle Schriftarten werden von allen Systemen unterst\u00fctzt, weswegen unser E-Mail Editor nur die Schriftarten anbietet, die von m\u00f6glichst vielen Systemen richtig angezeigt werden.<\/p>\n<h3>Ich nutze das &lt;center&gt; -Tag, um eine Tabelle zu zentrieren, leider scheint das nicht zu funktionieren. Was kann ich tun?<\/h3>\n<p>Das&nbsp;&lt;center&gt; &ndash;&nbsp;Tag wird von vielen Systemen nicht richtig unterst&uuml;tzt. Deswegen empfehlen wir, Tabellen im style zu zentrieren:\u00a0<em>&lt;style=&#8220;margin-left: auto; margin-right: auto;&#8220;&gt;<\/em><\/p>\n<h2>Images<\/h2>\n<h3>Wie viele Bilder kann ich einf\u00fcgen?<\/h3>\n<p>Es gibt f\u00fcr die Anzahl der Bilder keine Begrenzung. Wir berechnen auch nicht, wie die meisten anderen Anbieter f\u00fcr gr\u00f6\u00dfere Volumina!<\/p>\n<h3>Ist es m\u00f6glich, in eine Tabelle oder Zelle ein Hintergrundbild einzuf\u00fcgen?<\/h3>\n<p>Es ist leider nicht m\u00f6glich Hintergrundbilder in eine Tabelle\/Zelle einzuf\u00fcgen, da diese Funktionalit\u00e4t von vielen E-Mail-Programmen, wie MS-Outlook, nicht unterst\u00fctzt wird.<\/p>\n<h3>Wird die Bildgr\u00f6\u00dfe automatisch angepasst?<\/h3>\n<p>Ja, alle in Ihr E-Mail Newsletter eingef\u00fcgten Bilddateien werden vor dem Versand automatisch auf die angezeigte Gr\u00f6\u00dfe skaliert.<br \/>\nDies hat den Vorteil, dass Bilder in Microsoft Outlook unabh\u00e4ngig von den Ma\u00dfen der Originaldatei in der richtigen Gr\u00f6\u00dfe angezeigt werden. Au\u00dferdem werden Ladezeiten minimiert, die \u00fcblicherweise entstehen, wenn man sehr gro\u00dfe Bilder in eine E-Mail einf\u00fcgt und anschlie\u00dfend mit der Maus verkleinert.<br \/>\nSollte sich eine Bilddatei mehrmals in unterschiedlichen Gr\u00f6\u00dfen in einer E-Mail befinden, so wird f\u00fcr jede Gr\u00f6\u00dfe eine eigens skalierte Bilddatei angelegt.<\/p>","protected":false},"excerpt":{"rendered":"<p>Schriftformatierung Warum sind nicht alle Windows Schriftarten in der Auswahl enthalten? Wenn Sie Ihren E-Mail-Newsletter versenden, wird er bei den Empf\u00e4ngern \u00fcblicherweise auf vielen unterschiedlichen Endger\u00e4ten angezeigt: Windows Computer, Macs, Blackberrys, Android Smartphones oder Linux Systeme. Nicht alle Schriftarten werden von allen Systemen unterst\u00fctzt, weswegen unser E-Mail Editor nur die Schriftarten anbietet, die von m\u00f6glichst [&hellip;]<\/p>\n","protected":false},"author":2,"featured_media":0,"parent":0,"menu_order":0,"comment_status":"closed","ping_status":"closed","template":"","meta":{"footnotes":""},"class_list":["post-472","page","type-page","status-publish","hentry"],"_links":{"self":[{"href":"https:\/\/mynewsletter.rocks\/en\/wp-json\/wp\/v2\/pages\/472","targetHints":{"allow":["GET"]}}],"collection":[{"href":"https:\/\/mynewsletter.rocks\/en\/wp-json\/wp\/v2\/pages"}],"about":[{"href":"https:\/\/mynewsletter.rocks\/en\/wp-json\/wp\/v2\/types\/page"}],"author":[{"embeddable":true,"href":"https:\/\/mynewsletter.rocks\/en\/wp-json\/wp\/v2\/users\/2"}],"replies":[{"embeddable":true,"href":"https:\/\/mynewsletter.rocks\/en\/wp-json\/wp\/v2\/comments?post=472"}],"version-history":[{"count":0,"href":"https:\/\/mynewsletter.rocks\/en\/wp-json\/wp\/v2\/pages\/472\/revisions"}],"wp:attachment":[{"href":"https:\/\/mynewsletter.rocks\/en\/wp-json\/wp\/v2\/media?parent=472"}],"curies":[{"name":"wp","href":"https:\/\/api.w.org\/{rel}","templated":true}]}}