{"id":507,"date":"2016-07-12T17:10:57","date_gmt":"2016-07-12T15:10:57","guid":{"rendered":"https:\/\/www.mynewsletter.rocks\/?page_id=507"},"modified":"2016-07-12T17:10:57","modified_gmt":"2016-07-12T15:10:57","slug":"fragen-newsletter-abmeldungen","status":"publish","type":"page","link":"https:\/\/mynewsletter.rocks\/en\/fragen-newsletter-abmeldungen\/","title":{"rendered":"FAQ Abmeldungen und Sperrliste"},"content":{"rendered":"<h3>Landet die E-Mail-Adresse auch dann auf der Sperrliste, wenn sie vom System des Empf\u00e4ngers automatisch als Spam sortiert\u00a0wird, oder nur wenn der Empf\u00e4nger selbst aktiv die Mail als Spam markiert?<\/h3>\n<p>Es werden ausschliesslich\u00a0\u00a0E-Mail Adressen der Sperrliste zugef\u00fcgt, die vom Empf\u00e4nger selbst aktiv als Spam markiert wurden.<br \/>\nAutomatisch sortierte E-Mails werden NICHT der Sperrliste hinzugef\u00fcgt.<\/p>\n<h3>Muss in jeder E-Mail ein Abmeldelink enthalten sein?<\/h3>\n<p>Ja, auf die M\u00f6glichkeit des Widerrufs der Erlaubnis, E-Mails zu versenden, ist grunds\u00e4tzlich in jeder E-Mail hinzuweisen. Ein\u00a0 Abmeldelink wird am Ende der E-Mail von unserem System automatisch eingesetzt.<\/p>\n<h3>Gibt es einen Abmeldelink, mit dem sich der Empf\u00e4nger abmelden kann?<\/h3>\n<p>Um einen einzelnen Abmeldelink in Ihre E-Mail einzuf\u00fcgen, klicken Sie zuerst in den Text, um zu bestimmen, wo Sie diesen platzieren m\u00f6chten und klicken dann in der Men\u00fcauswahl auf \u201eAbmeldelink\u201c einf\u00fcgen:<\/p>\n<p>Die Empf\u00e4nger, die sich \u00fcber dem Abmeldelink abgemeldet haben, werden Ihrer Sperrliste hinzugef\u00fcgt.<\/p>\n<h3>Kann ich Empf\u00e4nger E-Mail Adressen auch manuell abmelden?<\/h3>\n<p>Ja, Sie k\u00f6nnen eine oder mehrere E-Mail Adressen auch manuell abmelden. Gehen Sie daf\u00fcr bitte auf \u201eOptionen\u201c und \u201eSperrliste bearbeiten\u201c und tragen Sie die entsprechenden E-Mail Adressen in die daf\u00fcr vorgesehene Textbox ein. Klicken Sie anschlie\u00dfend auf \u201eAbmelden\u201c.<\/p>\n<h3>Was ist eine \u201eSperrliste\u201c?<\/h3>\n<p>Eine Sperrliste ist eine Liste von E-Mail Adressen, die sich von Ihren Mailings abgemeldet haben oder aus anderen Gr\u00fcnden keine E-Mails mehr von unseren Systemen erhalten sollen. Alle durch unser System abgemeldeten E-Mail Adressen werden automatisch dieser Sperrliste hinzugef\u00fcgt. Damit wird sichergestellt, dass diese von allen k\u00fcnftigen Mailings wirkungsvoll ausgeschlossen werden, selbst in dem Fall, in dem die Adresse versehentlich wieder in Ihre Kontaktliste eingepflegt werden sollte, zum Beispiel wenn Sie ein Backup importieren.<\/p>\n<p><strong>Die Sperrliste enth\u00e4lt drei unterschiedliche Arten von Eintr\u00e4gen:<\/strong><\/p>\n<p>&#8211; Empf\u00e4nger, die auf Abmelde-Link geklickt haben<br \/>\n&#8211; Empf\u00e4nger, die E-Mail aktiv als &#8222;Spam&#8220; markiert haben<br \/>\n&#8211; Empf\u00e4nger, die eine Beschwerde an uns geschickt haben<br \/>\n&#8211; Ihre Sperrliste finden Sie unter <em>\u201eOptionen\u201c\/ \u201eSperrliste bearbeiten\u201c.<\/em><\/p>\n<h3>Wie kann ich eine Liste der Empf\u00e4nger erstellen, die sich je abgemeldet haben?<\/h3>\n<p>Wenn Sie Ihre gesamte Sperrliste exportieren m\u00f6chten, gehen Sie bitte im Hauptmen\u00fc auf \u201eMailings\u201c, w\u00e4hlen ein beliebiges Mailing in der Liste aus und klicken auf den blauen \u201eProtokoll\u201c-Link ganz rechts. Gehen Sie anschlie\u00dfend bitte auf \u201eProtokolle\u201c in der grauen Men\u00fcleiste rechts oben und w\u00e4hlen dann \u201eGesamte Sperrliste\u201c.<\/p>\n<p>Klicken Sie bitte anschlie\u00dfend auf \u201eE-Mail Adressen als CSV exportieren\u201c, um diese Adressen auf Ihrem Computer zu speichern.<\/p>","protected":false},"excerpt":{"rendered":"<p>Landet die E-Mail-Adresse auch dann auf der Sperrliste, wenn sie vom System des Empf\u00e4ngers automatisch als Spam sortiert\u00a0wird, oder nur wenn der Empf\u00e4nger selbst aktiv die Mail als Spam markiert? Es werden ausschliesslich\u00a0\u00a0E-Mail Adressen der Sperrliste zugef\u00fcgt, die vom Empf\u00e4nger selbst aktiv als Spam markiert wurden. Automatisch sortierte E-Mails werden NICHT der Sperrliste hinzugef\u00fcgt. Muss [&hellip;]<\/p>\n","protected":false},"author":2,"featured_media":0,"parent":0,"menu_order":0,"comment_status":"closed","ping_status":"closed","template":"","meta":{"footnotes":""},"class_list":["post-507","page","type-page","status-publish","hentry"],"_links":{"self":[{"href":"https:\/\/mynewsletter.rocks\/en\/wp-json\/wp\/v2\/pages\/507","targetHints":{"allow":["GET"]}}],"collection":[{"href":"https:\/\/mynewsletter.rocks\/en\/wp-json\/wp\/v2\/pages"}],"about":[{"href":"https:\/\/mynewsletter.rocks\/en\/wp-json\/wp\/v2\/types\/page"}],"author":[{"embeddable":true,"href":"https:\/\/mynewsletter.rocks\/en\/wp-json\/wp\/v2\/users\/2"}],"replies":[{"embeddable":true,"href":"https:\/\/mynewsletter.rocks\/en\/wp-json\/wp\/v2\/comments?post=507"}],"version-history":[{"count":0,"href":"https:\/\/mynewsletter.rocks\/en\/wp-json\/wp\/v2\/pages\/507\/revisions"}],"wp:attachment":[{"href":"https:\/\/mynewsletter.rocks\/en\/wp-json\/wp\/v2\/media?parent=507"}],"curies":[{"name":"wp","href":"https:\/\/api.w.org\/{rel}","templated":true}]}}